{"id":2,"date":"2023-11-07T21:21:27","date_gmt":"2023-11-07T21:21:27","guid":{"rendered":"http:\/\/euregio-cup.eu\/de\/?page_id=2"},"modified":"2026-02-27T21:24:56","modified_gmt":"2026-02-27T21:24:56","slug":"voorbeeld-pagina","status":"publish","type":"page","link":"https:\/\/euregio-cup.eu\/de\/","title":{"rendered":"Euregio-cup"},"content":{"rendered":"\n<h2 class=\"wp-block-heading\">Euregio-Cup Jugend-Schachturniere f\u00fcr Anf\u00e4nger<\/h2>\n\n\n\n<p>Liebe Schachfreunde, Auch in 2025\u20132026 werden wieder Turniere im Rahmen des Euregio-Cup-Zyklus stattfinden. Die Einteilung des Euregio-Cups und der Euregio-League wird etwas ge\u00e4ndert:<\/p>\n\n\n\n<p>Am Euregio-Cup d\u00fcrfen alle Grundsch\u00fcler teilnehmen, die Schachunterricht f\u00fcr Schritt 1 oder Schritt 2 haben. Alle anderen spielen in der Euregio-League. Es gibt jedoch zwei Bedingungen: nicht \u00e4lter als 15 Jahre am ersten Spieltag und eine Wertungszahl nicht h\u00f6her als 1500 (niederl\u00e4ndische und belgische Wertung) oder 1200 (deutsche Wertung). \u00c4ltere Jungen und M\u00e4dchen oder Spieler mit h\u00f6herer Wertung ben\u00f6tigen den Euregio-Zyklus als Einstieg nicht mehr; oft sind sie bereits erfahrene Teilnehmer an gr\u00f6\u00dferen Jugendturnieren.<\/p>\n\n\n\n<h2 class=\"wp-block-heading\">Spieltage (jeweils von 10:15 bis 13:00 Uhr):<\/h2>\n\n\n\n<ol class=\"wp-block-list\">\n<li>Sonntag, 30. November 2025<\/li>\n\n\n\n<li>Sonntag, 14. Dezember 2025<\/li>\n\n\n\n<li>Sonntag, 22. Februar 2026<\/li>\n\n\n\n<li>Sonntag, 22. M\u00e4rz 2026<\/li>\n\n\n\n<li>Sonntag, 26. April 2026<\/li>\n\n\n\n<li>Sonntag, 31. Mai 2026<\/li>\n<\/ol>\n\n\n\n<p>Wir laden alle herzlich zur Teilnahme ein. Sp\u00e4testens um 10:00 Uhr m\u00fcssen alle Spieler anwesend sein. Sollte dies nicht m\u00f6glich sein, bitte bis sp\u00e4testens 10:00 Uhr unter +32 498538421 melden. Die Auslosungen erfolgen um 10:15 Uhr. Kinder, die sp\u00e4ter eintreffen (ohne vorherige Meldung), k\u00f6nnen erst ab Runde 2 mitspielen. Gespielt wird bis 13:00 Uhr.<\/p>\n\n\n\n<h2 class=\"wp-block-heading\">Euregio-Cup<\/h2>\n\n\n\n<p>Der Euregio-Cup ist speziell daf\u00fcr gedacht, dass Anf\u00e4nger im Jugendschach, die noch nicht an gr\u00f6\u00dferen Jugendturnieren teilnehmen, ihre ersten wertvollen Erfahrungen sammeln k\u00f6nnen. Das Turnier ist auch offen f\u00fcr Jungen und M\u00e4dchen, die noch nicht Mitglied eines Vereins sind. Teilnahme f\u00fcr Sch\u00fcler mit Unterricht in Schritt 1, Schritt 2 (auch 2+ m\u00f6glich). Nur Grundsch\u00fcler. Bedenkzeit: 5 Partien, 10 Minuten pro Spieler und Partie plus 5 Sekunden Inkrement pro Zug.<\/p>\n\n\n\n<h2 class=\"wp-block-heading\">Euregio-League<\/h2>\n\n\n\n<p>F\u00fcr alle \u00fcbrigen Jungen und M\u00e4dchen, zus\u00e4tzlich: nicht \u00e4lter als 15 Jahre am ersten Spieltag (30. November 2025); Wertungszahl nicht h\u00f6her als 1500 (NL\/BE) oder 1200 (DE). Bedenkzeit: 5 Partien, 10 Minuten pro Spieler und Partie plus 5 Sekunden Inkrement pro Zug.<\/p>\n\n\n\n<h2 class=\"wp-block-heading\">Einteilung<\/h2>\n\n\n\n<p>Sowohl Cup als auch League: Schweizer Gruppen von ca. 8 Spielern, basierend auf dem jeweiligen Zwischenstand.<\/p>\n\n\n\n<h2 class=\"wp-block-heading\">Voranmeldung<\/h2>\n\n\n\n<p>Pro Spieltag k\u00f6nnen Jugendliche angemeldet werden. Sie m\u00fcssen nicht an allen Turnieren teilnehmen. F\u00fcr jedes Turnier k\u00f6nnen die Teilnehmer Ihres Schachvereins bis sp\u00e4testens Samstag vor dem jeweiligen Turnier, 18:00 Uhr, unter Angabe von Name, Geburtsdatum und Kategorie (Cup oder League) per E-Mail an Cindy Harder angemeldet werden. Bitte auch mitteilen, ob es Kinder gibt, deren Fotos nicht im Internet ver\u00f6ffentlicht werden d\u00fcrfen.<\/p>\n\n\n\n<h2 class=\"wp-block-heading\">Anmeldung und Startgeld<\/h2>\n\n\n\n<p>\u20ac 2 pro Person und Spieltag, nur bar. Anmeldung m\u00f6glich von 9:45 Uhr bis 10:15 Uhr am Spieltag. Sollten vorangemeldete Spieler kurzfristig nicht teilnehmen k\u00f6nnen, bitte unbedingt rechtzeitig abmelden.<\/p>\n\n\n\n<h2 class=\"wp-block-heading\">Preise<\/h2>\n\n\n\n<p><br>Die Preisverleihung der Gesamtwertung erfolgt nach dem letzten Spieltag (31. Mai 2026)<\/p>\n\n\n\n<p><\/p>\n","protected":false},"excerpt":{"rendered":"<p>Euregio-Cup Jugend-Schachturniere f\u00fcr Anf\u00e4nger Liebe Schachfreunde, Auch in 2025\u20132026 werden wieder Turniere im Rahmen des Euregio-Cup-Zyklus stattfinden. Die Einteilung des Euregio-Cups und der Euregio-League wird etwas ge\u00e4ndert: Am Euregio-Cup d\u00fcrfen alle Grundsch\u00fcler teilnehmen, die&#46;&#46;&#46;<\/p>\n","protected":false},"author":1,"featured_media":0,"parent":0,"menu_order":0,"comment_status":"closed","ping_status":"open","template":"","meta":{"footnotes":""},"class_list":["post-2","page","type-page","status-publish","hentry"],"_links":{"self":[{"href":"https:\/\/euregio-cup.eu\/de\/wp-json\/wp\/v2\/pages\/2","targetHints":{"allow":["GET"]}}],"collection":[{"href":"https:\/\/euregio-cup.eu\/de\/wp-json\/wp\/v2\/pages"}],"about":[{"href":"https:\/\/euregio-cup.eu\/de\/wp-json\/wp\/v2\/types\/page"}],"author":[{"embeddable":true,"href":"https:\/\/euregio-cup.eu\/de\/wp-json\/wp\/v2\/users\/1"}],"replies":[{"embeddable":true,"href":"https:\/\/euregio-cup.eu\/de\/wp-json\/wp\/v2\/comments?post=2"}],"version-history":[{"count":15,"href":"https:\/\/euregio-cup.eu\/de\/wp-json\/wp\/v2\/pages\/2\/revisions"}],"predecessor-version":[{"id":301,"href":"https:\/\/euregio-cup.eu\/de\/wp-json\/wp\/v2\/pages\/2\/revisions\/301"}],"wp:attachment":[{"href":"https:\/\/euregio-cup.eu\/de\/wp-json\/wp\/v2\/media?parent=2"}],"curies":[{"name":"wp","href":"https:\/\/api.w.org\/{rel}","templated":true}]}}